{"id":85,"date":"2024-04-18T21:35:08","date_gmt":"2024-04-18T21:35:08","guid":{"rendered":"https:\/\/reverent-heisenberg.54-38-188-173.plesk.page\/?page_id=85"},"modified":"2024-06-04T10:37:17","modified_gmt":"2024-06-04T10:37:17","slug":"acceuil-consultant-en-ingenierie-du-batiment-et-de-la-construction","status":"publish","type":"page","link":"https:\/\/ayadi-batiment.net\/en\/","title":{"rendered":"Acceuil"},"content":{"rendered":"<div data-elementor-type=\"wp-page\" data-elementor-id=\"85\" class=\"elementor elementor-85\">\n\t\t\t\t<div class=\"elementor-element elementor-element-6053e90 e-flex e-con-boxed e-con e-parent\" data-id=\"6053e90\" data-element_type=\"container\" data-e-type=\"container\" data-settings=\"{&quot;background_background&quot;:&quot;classic&quot;}\">\n\t\t\t\t\t<div class=\"e-con-inner\">\n\t\t<div class=\"elementor-element elementor-element-46358ad e-con-full e-flex elementor-invisible e-con e-child\" data-id=\"46358ad\" data-element_type=\"container\" data-e-type=\"container\" data-settings=\"{&quot;animation&quot;:&quot;slideInLeft&quot;}\">\n\t\t\t\t<div class=\"elementor-element elementor-element-1739d62 elementor-widget elementor-widget-heading\" data-id=\"1739d62\" data-element_type=\"widget\" data-e-type=\"widget\" data-widget_type=\"heading.default\">\n\t\t\t\t<div class=\"elementor-widget-container\">\n\t\t\t\t\t<h1 class=\"elementor-heading-title elementor-size-default\">Welcome to<\/h1>\t\t\t\t<\/div>\n\t\t\t\t<\/div>\n\t\t\t\t<div class=\"elementor-element elementor-element-272d8d5 elementor-widget elementor-widget-heading\" data-id=\"272d8d5\" data-element_type=\"widget\" data-e-type=\"widget\" data-widget_type=\"heading.default\">\n\t\t\t\t<div class=\"elementor-widget-container\">\n\t\t\t\t\t<h1 class=\"elementor-heading-title elementor-size-default\">Ayadi Engineering<\/h1>\t\t\t\t<\/div>\n\t\t\t\t<\/div>\n\t\t\t\t<div class=\"elementor-element elementor-element-008c98a elementor-hidden-tablet elementor-hidden-mobile elementor-widget elementor-widget-text-editor\" data-id=\"008c98a\" data-element_type=\"widget\" data-e-type=\"widget\" data-widget_type=\"text-editor.default\">\n\t\t\t\t<div class=\"elementor-widget-container\">\n\t\t\t\t\t\t\t\t\t<p>Ayadi Sofiane, building and construction engineering consultant.<\/p>\t\t\t\t\t\t\t\t<\/div>\n\t\t\t\t<\/div>\n\t\t\t\t<div class=\"elementor-element elementor-element-1a03fee elementor-hidden-desktop elementor-widget elementor-widget-text-editor\" data-id=\"1a03fee\" data-element_type=\"widget\" data-e-type=\"widget\" data-widget_type=\"text-editor.default\">\n\t\t\t\t<div class=\"elementor-widget-container\">\n\t\t\t\t\t\t\t\t\t<p>Ayadi Sofiane, building and construction engineering consultant.<\/p>\t\t\t\t\t\t\t\t<\/div>\n\t\t\t\t<\/div>\n\t\t\t\t<\/div>\n\t\t<div class=\"elementor-element elementor-element-69143a5 e-con-full e-flex elementor-invisible e-con e-child\" data-id=\"69143a5\" data-element_type=\"container\" data-e-type=\"container\" data-settings=\"{&quot;animation&quot;:&quot;slideInRight&quot;}\">\n\t\t\t\t<div class=\"elementor-element elementor-element-da08e2f elementor-widget elementor-widget-image\" data-id=\"da08e2f\" data-element_type=\"widget\" data-e-type=\"widget\" data-widget_type=\"image.default\">\n\t\t\t\t<div class=\"elementor-widget-container\">\n\t\t\t\t\t\t\t\t\t\t\t\t\t\t\t<img fetchpriority=\"high\" decoding=\"async\" width=\"377\" height=\"403\" src=\"https:\/\/ayadi-batiment.net\/wp-content\/uploads\/2024\/04\/logo-transparent-1.png\" class=\"attachment-large size-large wp-image-374\" alt=\"\" srcset=\"https:\/\/ayadi-batiment.net\/wp-content\/uploads\/2024\/04\/logo-transparent-1.png 377w, https:\/\/ayadi-batiment.net\/wp-content\/uploads\/2024\/04\/logo-transparent-1-281x300.png 281w, https:\/\/ayadi-batiment.net\/wp-content\/uploads\/2024\/04\/logo-transparent-1-11x12.png 11w\" sizes=\"(max-width: 377px) 100vw, 377px\" \/>\t\t\t\t\t\t\t\t\t\t\t\t\t\t\t<\/div>\n\t\t\t\t<\/div>\n\t\t\t\t<\/div>\n\t\t\t\t\t<\/div>\n\t\t\t\t<\/div>\n\t\t<div class=\"elementor-element elementor-element-9dbba76 e-flex e-con-boxed elementor-invisible e-con e-parent\" data-id=\"9dbba76\" data-element_type=\"container\" data-e-type=\"container\" data-settings=\"{&quot;animation&quot;:&quot;slideInUp&quot;}\">\n\t\t\t\t\t<div class=\"e-con-inner\">\n\t\t\t\t<div class=\"elementor-element elementor-element-174c441 elementor-widget elementor-widget-heading\" data-id=\"174c441\" data-element_type=\"widget\" data-e-type=\"widget\" data-widget_type=\"heading.default\">\n\t\t\t\t<div class=\"elementor-widget-container\">\n\t\t\t\t\t<h2 class=\"elementor-heading-title elementor-size-default\">Who are we?<\/h2>\t\t\t\t<\/div>\n\t\t\t\t<\/div>\n\t\t\t\t\t<\/div>\n\t\t\t\t<\/div>\n\t\t<div class=\"elementor-element elementor-element-4df156f e-flex e-con-boxed e-con e-parent\" data-id=\"4df156f\" data-element_type=\"container\" data-e-type=\"container\">\n\t\t\t\t\t<div class=\"e-con-inner\">\n\t\t<div class=\"elementor-element elementor-element-043fb2d e-con-full e-flex elementor-invisible e-con e-child\" data-id=\"043fb2d\" data-element_type=\"container\" data-e-type=\"container\" data-settings=\"{&quot;animation&quot;:&quot;slideInLeft&quot;}\">\n\t\t\t\t<div class=\"elementor-element elementor-element-d1288e1 elementor-widget elementor-widget-heading\" data-id=\"d1288e1\" data-element_type=\"widget\" data-e-type=\"widget\" data-widget_type=\"heading.default\">\n\t\t\t\t<div class=\"elementor-widget-container\">\n\t\t\t\t\t<h2 class=\"elementor-heading-title elementor-size-default\">Hello, My name is Sofiane<\/h2>\t\t\t\t<\/div>\n\t\t\t\t<\/div>\n\t\t\t\t<div class=\"elementor-element elementor-element-06a18df elementor-widget elementor-widget-text-editor\" data-id=\"06a18df\" data-element_type=\"widget\" data-e-type=\"widget\" data-widget_type=\"text-editor.default\">\n\t\t\t\t<div class=\"elementor-widget-container\">\n\t\t\t\t\t\t\t\t\t<div class=\"flex flex-grow flex-col max-w-full\"><div class=\"min-h-[20px] text-message flex flex-col items-start gap-3 whitespace-pre-wrap break-words [.text-message+&amp;]:mt-5 overflow-x-auto\" dir=\"auto\" data-message-author-role=\"assistant\" data-message-id=\"b592da24-d0a3-4f3a-bf19-e64ca683a15a\"><div class=\"markdown prose w-full break-words dark:prose-invert light\"><p>Our role in the study, monitoring and advice, faced with the various observable phenomena, is to understand their causes, to estimate their consequences and to consider possible remedies in the event of the occurrence of pathologies in a building or construction.<\/p><p>We also identify the responsibilities of the parties involved, or even third parties.<\/p><p>We designate the natural or legal persons at the origin of the pathologies observed and described.<\/p><p>We write an initial analytical report, followed by an expert report developing reasoned conclusions.<\/p><\/div><\/div><\/div>\t\t\t\t\t\t\t\t<\/div>\n\t\t\t\t<\/div>\n\t\t\t\t<\/div>\n\t\t<div class=\"elementor-element elementor-element-346aff6 e-con-full e-flex e-con e-child\" data-id=\"346aff6\" data-element_type=\"container\" data-e-type=\"container\">\n\t\t\t\t<div class=\"elementor-element elementor-element-e70d6bd elementor-invisible elementor-widget elementor-widget-image\" data-id=\"e70d6bd\" data-element_type=\"widget\" data-e-type=\"widget\" data-settings=\"{&quot;_animation&quot;:&quot;slideInRight&quot;}\" data-widget_type=\"image.default\">\n\t\t\t\t<div class=\"elementor-widget-container\">\n\t\t\t\t\t\t\t\t\t\t\t\t\t\t\t<img decoding=\"async\" width=\"1024\" height=\"684\" src=\"https:\/\/ayadi-batiment.net\/wp-content\/uploads\/2024\/06\/AYADI-1024x684.png\" class=\"attachment-large size-large wp-image-437\" alt=\"\" srcset=\"https:\/\/ayadi-batiment.net\/wp-content\/uploads\/2024\/06\/AYADI-1024x684.png 1024w, https:\/\/ayadi-batiment.net\/wp-content\/uploads\/2024\/06\/AYADI-300x200.png 300w, https:\/\/ayadi-batiment.net\/wp-content\/uploads\/2024\/06\/AYADI-768x513.png 768w, https:\/\/ayadi-batiment.net\/wp-content\/uploads\/2024\/06\/AYADI-18x12.png 18w, https:\/\/ayadi-batiment.net\/wp-content\/uploads\/2024\/06\/AYADI.png 1080w\" sizes=\"(max-width: 1024px) 100vw, 1024px\" \/>\t\t\t\t\t\t\t\t\t\t\t\t\t\t\t<\/div>\n\t\t\t\t<\/div>\n\t\t\t\t<\/div>\n\t\t\t\t\t<\/div>\n\t\t\t\t<\/div>\n\t\t<div class=\"elementor-element elementor-element-244de2e e-flex e-con-boxed elementor-invisible e-con e-parent\" data-id=\"244de2e\" data-element_type=\"container\" data-e-type=\"container\" data-settings=\"{&quot;animation&quot;:&quot;slideInUp&quot;}\">\n\t\t\t\t\t<div class=\"e-con-inner\">\n\t\t\t\t<div class=\"elementor-element elementor-element-a2f75ba elementor-widget elementor-widget-heading\" data-id=\"a2f75ba\" data-element_type=\"widget\" data-e-type=\"widget\" data-widget_type=\"heading.default\">\n\t\t\t\t<div class=\"elementor-widget-container\">\n\t\t\t\t\t<h2 class=\"elementor-heading-title elementor-size-default\">Avis  Clients<\/h2>\t\t\t\t<\/div>\n\t\t\t\t<\/div>\n\t\t\t\t<div class=\"elementor-element elementor-element-a9de811 elementor-arrows-position-inside elementor-pagination-position-outside elementor-widget elementor-widget-image-carousel\" data-id=\"a9de811\" data-element_type=\"widget\" data-e-type=\"widget\" data-settings=\"{&quot;slides_to_show&quot;:&quot;2&quot;,&quot;slides_to_scroll&quot;:&quot;2&quot;,&quot;autoplay_speed&quot;:2000,&quot;navigation&quot;:&quot;both&quot;,&quot;autoplay&quot;:&quot;yes&quot;,&quot;pause_on_hover&quot;:&quot;yes&quot;,&quot;pause_on_interaction&quot;:&quot;yes&quot;,&quot;infinite&quot;:&quot;yes&quot;,&quot;speed&quot;:500}\" data-widget_type=\"image-carousel.default\">\n\t\t\t\t<div class=\"elementor-widget-container\">\n\t\t\t\t\t\t\t<div class=\"elementor-image-carousel-wrapper swiper\" role=\"region\" aria-roledescription=\"carousel\" aria-label=\"Carrousel d\u2019images\" dir=\"ltr\">\n\t\t\t<div class=\"elementor-image-carousel swiper-wrapper\" aria-live=\"off\">\n\t\t\t\t\t\t\t\t<div class=\"swiper-slide\" role=\"group\" aria-roledescription=\"slide\" aria-label=\"1 sur 2\"><figure class=\"swiper-slide-inner\"><img decoding=\"async\" class=\"swiper-slide-image\" src=\"https:\/\/ayadi-batiment.net\/wp-content\/uploads\/2024\/06\/feed-2-1.png\" alt=\"feed-2 (1)\" \/><\/figure><\/div><div class=\"swiper-slide\" role=\"group\" aria-roledescription=\"slide\" aria-label=\"2 sur 2\"><figure class=\"swiper-slide-inner\"><img decoding=\"async\" class=\"swiper-slide-image\" src=\"https:\/\/ayadi-batiment.net\/wp-content\/uploads\/2024\/06\/1-feed.png\" alt=\"1-feed\" \/><\/figure><\/div>\t\t\t<\/div>\n\t\t\t\t\t\t\t\t\t\t\t\t<div class=\"elementor-swiper-button elementor-swiper-button-prev\" role=\"button\" tabindex=\"0\">\n\t\t\t\t\t\t<svg aria-hidden=\"true\" class=\"e-font-icon-svg e-eicon-chevron-left\" viewbox=\"0 0 1000 1000\" xmlns=\"http:\/\/www.w3.org\/2000\/svg\"><path d=\"M646 125C629 125 613 133 604 142L308 442C296 454 292 471 292 487 292 504 296 521 308 533L604 854C617 867 629 875 646 875 663 875 679 871 692 858 704 846 713 829 713 812 713 796 708 779 692 767L438 487 692 225C700 217 708 204 708 187 708 171 704 154 692 142 675 129 663 125 646 125Z\"><\/path><\/svg>\t\t\t\t\t<\/div>\n\t\t\t\t\t<div class=\"elementor-swiper-button elementor-swiper-button-next\" role=\"button\" tabindex=\"0\">\n\t\t\t\t\t\t<svg aria-hidden=\"true\" class=\"e-font-icon-svg e-eicon-chevron-right\" viewbox=\"0 0 1000 1000\" xmlns=\"http:\/\/www.w3.org\/2000\/svg\"><path d=\"M696 533C708 521 713 504 713 487 713 471 708 454 696 446L400 146C388 133 375 125 354 125 338 125 325 129 313 142 300 154 292 171 292 187 292 204 296 221 308 233L563 492 304 771C292 783 288 800 288 817 288 833 296 850 308 863 321 871 338 875 354 875 371 875 388 867 400 854L696 533Z\"><\/path><\/svg>\t\t\t\t\t<\/div>\n\t\t\t\t\n\t\t\t\t\t\t\t\t\t<div class=\"swiper-pagination\"><\/div>\n\t\t\t\t\t\t\t\t\t<\/div>\n\t\t\t\t\t\t<\/div>\n\t\t\t\t<\/div>\n\t\t\t\t<div class=\"elementor-element elementor-element-ced0338 elementor-widget elementor-widget-heading\" data-id=\"ced0338\" data-element_type=\"widget\" data-e-type=\"widget\" data-widget_type=\"heading.default\">\n\t\t\t\t<div class=\"elementor-widget-container\">\n\t\t\t\t\t<h2 class=\"elementor-heading-title elementor-size-default\">Our partners<\/h2>\t\t\t\t<\/div>\n\t\t\t\t<\/div>\n\t\t\t\t\t<\/div>\n\t\t\t\t<\/div>\n\t\t<div class=\"elementor-element elementor-element-5a4f9ba e-flex e-con-boxed e-con e-parent\" data-id=\"5a4f9ba\" data-element_type=\"container\" data-e-type=\"container\">\n\t\t\t\t\t<div class=\"e-con-inner\">\n\t\t\t\t<div class=\"elementor-element elementor-element-d8dc578 elementor-arrows-position-inside elementor-pagination-position-outside elementor-widget elementor-widget-image-carousel\" data-id=\"d8dc578\" data-element_type=\"widget\" data-e-type=\"widget\" data-settings=\"{&quot;slides_to_show&quot;:&quot;3&quot;,&quot;slides_to_scroll&quot;:&quot;3&quot;,&quot;autoplay_speed&quot;:2000,&quot;navigation&quot;:&quot;both&quot;,&quot;autoplay&quot;:&quot;yes&quot;,&quot;pause_on_hover&quot;:&quot;yes&quot;,&quot;pause_on_interaction&quot;:&quot;yes&quot;,&quot;infinite&quot;:&quot;yes&quot;,&quot;speed&quot;:500}\" data-widget_type=\"image-carousel.default\">\n\t\t\t\t<div class=\"elementor-widget-container\">\n\t\t\t\t\t\t\t<div class=\"elementor-image-carousel-wrapper swiper\" role=\"region\" aria-roledescription=\"carousel\" aria-label=\"Carrousel d\u2019images\" dir=\"ltr\">\n\t\t\t<div class=\"elementor-image-carousel swiper-wrapper\" aria-live=\"off\">\n\t\t\t\t\t\t\t\t<div class=\"swiper-slide\" role=\"group\" aria-roledescription=\"slide\" aria-label=\"1 sur 6\"><figure class=\"swiper-slide-inner\"><img decoding=\"async\" class=\"swiper-slide-image\" src=\"https:\/\/ayadi-batiment.net\/wp-content\/uploads\/2024\/04\/1.png\" alt=\"1\" \/><\/figure><\/div><div class=\"swiper-slide\" role=\"group\" aria-roledescription=\"slide\" aria-label=\"2 sur 6\"><figure class=\"swiper-slide-inner\"><img decoding=\"async\" class=\"swiper-slide-image\" src=\"https:\/\/ayadi-batiment.net\/wp-content\/uploads\/2024\/04\/2.png\" alt=\"2\" \/><\/figure><\/div><div class=\"swiper-slide\" role=\"group\" aria-roledescription=\"slide\" aria-label=\"3 sur 6\"><figure class=\"swiper-slide-inner\"><img decoding=\"async\" class=\"swiper-slide-image\" src=\"https:\/\/ayadi-batiment.net\/wp-content\/uploads\/2024\/04\/3.png\" alt=\"3\" \/><\/figure><\/div><div class=\"swiper-slide\" role=\"group\" aria-roledescription=\"slide\" aria-label=\"4 sur 6\"><figure class=\"swiper-slide-inner\"><img decoding=\"async\" class=\"swiper-slide-image\" src=\"https:\/\/ayadi-batiment.net\/wp-content\/uploads\/2024\/04\/4.png\" alt=\"4\" \/><\/figure><\/div><div class=\"swiper-slide\" role=\"group\" aria-roledescription=\"slide\" aria-label=\"5 sur 6\"><figure class=\"swiper-slide-inner\"><img decoding=\"async\" class=\"swiper-slide-image\" src=\"https:\/\/ayadi-batiment.net\/wp-content\/uploads\/2024\/04\/5.png\" alt=\"5\" \/><\/figure><\/div><div class=\"swiper-slide\" role=\"group\" aria-roledescription=\"slide\" aria-label=\"6 sur 6\"><figure class=\"swiper-slide-inner\"><img decoding=\"async\" class=\"swiper-slide-image\" src=\"https:\/\/ayadi-batiment.net\/wp-content\/uploads\/2024\/04\/7.png\" alt=\"7\" \/><\/figure><\/div>\t\t\t<\/div>\n\t\t\t\t\t\t\t\t\t\t\t\t<div class=\"elementor-swiper-button elementor-swiper-button-prev\" role=\"button\" tabindex=\"0\">\n\t\t\t\t\t\t<svg aria-hidden=\"true\" class=\"e-font-icon-svg e-eicon-chevron-left\" viewbox=\"0 0 1000 1000\" xmlns=\"http:\/\/www.w3.org\/2000\/svg\"><path d=\"M646 125C629 125 613 133 604 142L308 442C296 454 292 471 292 487 292 504 296 521 308 533L604 854C617 867 629 875 646 875 663 875 679 871 692 858 704 846 713 829 713 812 713 796 708 779 692 767L438 487 692 225C700 217 708 204 708 187 708 171 704 154 692 142 675 129 663 125 646 125Z\"><\/path><\/svg>\t\t\t\t\t<\/div>\n\t\t\t\t\t<div class=\"elementor-swiper-button elementor-swiper-button-next\" role=\"button\" tabindex=\"0\">\n\t\t\t\t\t\t<svg aria-hidden=\"true\" class=\"e-font-icon-svg e-eicon-chevron-right\" viewbox=\"0 0 1000 1000\" xmlns=\"http:\/\/www.w3.org\/2000\/svg\"><path d=\"M696 533C708 521 713 504 713 487 713 471 708 454 696 446L400 146C388 133 375 125 354 125 338 125 325 129 313 142 300 154 292 171 292 187 292 204 296 221 308 233L563 492 304 771C292 783 288 800 288 817 288 833 296 850 308 863 321 871 338 875 354 875 371 875 388 867 400 854L696 533Z\"><\/path><\/svg>\t\t\t\t\t<\/div>\n\t\t\t\t\n\t\t\t\t\t\t\t\t\t<div class=\"swiper-pagination\"><\/div>\n\t\t\t\t\t\t\t\t\t<\/div>\n\t\t\t\t\t\t<\/div>\n\t\t\t\t<\/div>\n\t\t\t\t\t<\/div>\n\t\t\t\t<\/div>\n\t\t\t\t<\/div>","protected":false},"excerpt":{"rendered":"<p>Bienvenue \u00e0 Ayadi Engineering Ayadi Sofiane, consultant en ing\u00e9nierie du b\u00e2timent et de la construction. Ayadi Sofiane, consultant en ing\u00e9nierie [&hellip;]<\/p>","protected":false},"author":1,"featured_media":0,"parent":0,"menu_order":0,"comment_status":"closed","ping_status":"closed","template":"","meta":{"_monsterinsights_skip_tracking":false,"_monsterinsights_sitenote_active":false,"_monsterinsights_sitenote_note":"","_monsterinsights_sitenote_category":0,"site-sidebar-layout":"no-sidebar","site-content-layout":"","ast-site-content-layout":"full-width-container","site-content-style":"default","site-sidebar-style":"default","ast-global-header-display":"","ast-banner-title-visibility":"","ast-main-header-display":"","ast-hfb-above-header-display":"","ast-hfb-below-header-display":"","ast-hfb-mobile-header-display":"","site-post-title":"disabled","ast-breadcrumbs-content":"","ast-featured-img":"disabled","footer-sml-layout":"","theme-transparent-header-meta":"","adv-header-id-meta":"","stick-header-meta":"","header-above-stick-meta":"","header-main-stick-meta":"","header-below-stick-meta":"","astra-migrate-meta-layouts":"default","ast-page-background-enabled":"default","ast-page-background-meta":{"desktop":{"background-color":"var(--ast-global-color-4)","background-image":"","background-repeat":"repeat","background-position":"center center","background-size":"auto","background-attachment":"scroll","background-type":"","background-media":"","overlay-type":"","overlay-color":"","overlay-gradient":""},"tablet":{"background-color":"","background-image":"","background-repeat":"repeat","background-position":"center center","background-size":"auto","background-attachment":"scroll","background-type":"","background-media":"","overlay-type":"","overlay-color":"","overlay-gradient":""},"mobile":{"background-color":"","background-image":"","background-repeat":"repeat","background-position":"center center","background-size":"auto","background-attachment":"scroll","background-type":"","background-media":"","overlay-type":"","overlay-color":"","overlay-gradient":""}},"ast-content-background-meta":{"desktop":{"background-color":"var(--ast-global-color-5)","background-image":"","background-repeat":"repeat","background-position":"center center","background-size":"auto","background-attachment":"scroll","background-type":"","background-media":"","overlay-type":"","overlay-color":"","overlay-gradient":""},"tablet":{"background-color":"var(--ast-global-color-5)","background-image":"","background-repeat":"repeat","background-position":"center center","background-size":"auto","background-attachment":"scroll","background-type":"","background-media":"","overlay-type":"","overlay-color":"","overlay-gradient":""},"mobile":{"background-color":"var(--ast-global-color-5)","background-image":"","background-repeat":"repeat","background-position":"center center","background-size":"auto","background-attachment":"scroll","background-type":"","background-media":"","overlay-type":"","overlay-color":"","overlay-gradient":""}},"footnotes":""},"class_list":["post-85","page","type-page","status-publish","hentry"],"yoast_head":"<!-- This site is optimized with the Yoast SEO plugin v22.5 - https:\/\/yoast.com\/wordpress\/plugins\/seo\/ -->\n<title>Acceuil - consultant en ing\u00e9nierie du b\u00e2timent et de la construction.<\/title>\n<meta name=\"description\" content=\"l\u2019\u00e9tude, le suivi et le conseil, face aux diff\u00e9rents ph\u00e9nom\u00e8nes observables, est de comprendre leurs causes et d\u2019estimer leurs cons\u00e9quences\" \/>\n<meta name=\"robots\" content=\"index, follow, max-snippet:-1, max-image-preview:large, max-video-preview:-1\" \/>\n<link rel=\"canonical\" href=\"https:\/\/ayadi-batiment.net\/en\/\" \/>\n<meta property=\"og:locale\" content=\"en_GB\" \/>\n<meta property=\"og:type\" content=\"article\" \/>\n<meta property=\"og:title\" content=\"Acceuil - consultant en ing\u00e9nierie du b\u00e2timent et de la construction.\" \/>\n<meta property=\"og:description\" content=\"l\u2019\u00e9tude, le suivi et le conseil, face aux diff\u00e9rents ph\u00e9nom\u00e8nes observables, est de comprendre leurs causes et d\u2019estimer leurs cons\u00e9quences\" \/>\n<meta property=\"og:url\" content=\"https:\/\/ayadi-batiment.net\/en\/\" \/>\n<meta property=\"og:site_name\" content=\"Ayadi Engineering\" \/>\n<meta property=\"article:modified_time\" content=\"2024-06-04T10:37:17+00:00\" \/>\n<meta property=\"og:image\" content=\"https:\/\/ayadi-batiment.net\/wp-content\/uploads\/2024\/04\/logo-transparent-1.png\" \/>\n<meta name=\"twitter:card\" content=\"summary_large_image\" \/>\n<meta name=\"twitter:label1\" content=\"Estimated reading time\" \/>\n\t<meta name=\"twitter:data1\" content=\"5 minutes\" \/>\n<script type=\"application\/ld+json\" class=\"yoast-schema-graph\">{\"@context\":\"https:\/\/schema.org\",\"@graph\":[{\"@type\":\"WebPage\",\"@id\":\"https:\/\/ayadi-batiment.net\/\",\"url\":\"https:\/\/ayadi-batiment.net\/\",\"name\":\"Acceuil - consultant en ing\u00e9nierie du b\u00e2timent et de la construction.\",\"isPartOf\":{\"@id\":\"https:\/\/ayadi-batiment.net\/#website\"},\"primaryImageOfPage\":{\"@id\":\"https:\/\/ayadi-batiment.net\/#primaryimage\"},\"image\":{\"@id\":\"https:\/\/ayadi-batiment.net\/#primaryimage\"},\"thumbnailUrl\":\"https:\/\/ayadi-batiment.net\/wp-content\/uploads\/2024\/04\/logo-transparent-1.png\",\"datePublished\":\"2024-04-18T21:35:08+00:00\",\"dateModified\":\"2024-06-04T10:37:17+00:00\",\"description\":\"l\u2019\u00e9tude, le suivi et le conseil, face aux diff\u00e9rents ph\u00e9nom\u00e8nes observables, est de comprendre leurs causes et d\u2019estimer leurs cons\u00e9quences\",\"breadcrumb\":{\"@id\":\"https:\/\/ayadi-batiment.net\/#breadcrumb\"},\"inLanguage\":\"en-GB\",\"potentialAction\":[{\"@type\":\"ReadAction\",\"target\":[\"https:\/\/ayadi-batiment.net\/\"]}]},{\"@type\":\"ImageObject\",\"inLanguage\":\"en-GB\",\"@id\":\"https:\/\/ayadi-batiment.net\/#primaryimage\",\"url\":\"https:\/\/ayadi-batiment.net\/wp-content\/uploads\/2024\/04\/logo-transparent-1.png\",\"contentUrl\":\"https:\/\/ayadi-batiment.net\/wp-content\/uploads\/2024\/04\/logo-transparent-1.png\"},{\"@type\":\"BreadcrumbList\",\"@id\":\"https:\/\/ayadi-batiment.net\/#breadcrumb\",\"itemListElement\":[{\"@type\":\"ListItem\",\"position\":1,\"name\":\"Accueil\",\"item\":\"https:\/\/ayadi-batiment.net\/\"},{\"@type\":\"ListItem\",\"position\":2,\"name\":\"Acceuil\"}]},{\"@type\":\"WebSite\",\"@id\":\"https:\/\/ayadi-batiment.net\/#website\",\"url\":\"https:\/\/ayadi-batiment.net\/\",\"name\":\"Ayadi Engineering\",\"description\":\"\",\"potentialAction\":[{\"@type\":\"SearchAction\",\"target\":{\"@type\":\"EntryPoint\",\"urlTemplate\":\"https:\/\/ayadi-batiment.net\/?s={search_term_string}\"},\"query-input\":\"required name=search_term_string\"}],\"inLanguage\":\"en-GB\"}]}<\/script>\n<!-- \/ Yoast SEO plugin. -->","yoast_head_json":{"title":"Acceuil - consultant en ing\u00e9nierie du b\u00e2timent et de la construction.","description":"l\u2019\u00e9tude, le suivi et le conseil, face aux diff\u00e9rents ph\u00e9nom\u00e8nes observables, est de comprendre leurs causes et d\u2019estimer leurs cons\u00e9quences","robots":{"index":"index","follow":"follow","max-snippet":"max-snippet:-1","max-image-preview":"max-image-preview:large","max-video-preview":"max-video-preview:-1"},"canonical":"https:\/\/ayadi-batiment.net\/en\/","og_locale":"en_GB","og_type":"article","og_title":"Acceuil - consultant en ing\u00e9nierie du b\u00e2timent et de la construction.","og_description":"l\u2019\u00e9tude, le suivi et le conseil, face aux diff\u00e9rents ph\u00e9nom\u00e8nes observables, est de comprendre leurs causes et d\u2019estimer leurs cons\u00e9quences","og_url":"https:\/\/ayadi-batiment.net\/en\/","og_site_name":"Ayadi Engineering","article_modified_time":"2024-06-04T10:37:17+00:00","og_image":[{"url":"https:\/\/ayadi-batiment.net\/wp-content\/uploads\/2024\/04\/logo-transparent-1.png"}],"twitter_card":"summary_large_image","twitter_misc":{"Estimated reading time":"5 minutes"},"schema":{"@context":"https:\/\/schema.org","@graph":[{"@type":"WebPage","@id":"https:\/\/ayadi-batiment.net\/","url":"https:\/\/ayadi-batiment.net\/","name":"Acceuil - consultant en ing\u00e9nierie du b\u00e2timent et de la construction.","isPartOf":{"@id":"https:\/\/ayadi-batiment.net\/#website"},"primaryImageOfPage":{"@id":"https:\/\/ayadi-batiment.net\/#primaryimage"},"image":{"@id":"https:\/\/ayadi-batiment.net\/#primaryimage"},"thumbnailUrl":"https:\/\/ayadi-batiment.net\/wp-content\/uploads\/2024\/04\/logo-transparent-1.png","datePublished":"2024-04-18T21:35:08+00:00","dateModified":"2024-06-04T10:37:17+00:00","description":"l\u2019\u00e9tude, le suivi et le conseil, face aux diff\u00e9rents ph\u00e9nom\u00e8nes observables, est de comprendre leurs causes et d\u2019estimer leurs cons\u00e9quences","breadcrumb":{"@id":"https:\/\/ayadi-batiment.net\/#breadcrumb"},"inLanguage":"en-GB","potentialAction":[{"@type":"ReadAction","target":["https:\/\/ayadi-batiment.net\/"]}]},{"@type":"ImageObject","inLanguage":"en-GB","@id":"https:\/\/ayadi-batiment.net\/#primaryimage","url":"https:\/\/ayadi-batiment.net\/wp-content\/uploads\/2024\/04\/logo-transparent-1.png","contentUrl":"https:\/\/ayadi-batiment.net\/wp-content\/uploads\/2024\/04\/logo-transparent-1.png"},{"@type":"BreadcrumbList","@id":"https:\/\/ayadi-batiment.net\/#breadcrumb","itemListElement":[{"@type":"ListItem","position":1,"name":"Accueil","item":"https:\/\/ayadi-batiment.net\/"},{"@type":"ListItem","position":2,"name":"Acceuil"}]},{"@type":"WebSite","@id":"https:\/\/ayadi-batiment.net\/#website","url":"https:\/\/ayadi-batiment.net\/","name":"Ayadi Engineering","description":"","potentialAction":[{"@type":"SearchAction","target":{"@type":"EntryPoint","urlTemplate":"https:\/\/ayadi-batiment.net\/?s={search_term_string}"},"query-input":"required name=search_term_string"}],"inLanguage":"en-GB"}]}},"_links":{"self":[{"href":"https:\/\/ayadi-batiment.net\/en\/wp-json\/wp\/v2\/pages\/85","targetHints":{"allow":["GET"]}}],"collection":[{"href":"https:\/\/ayadi-batiment.net\/en\/wp-json\/wp\/v2\/pages"}],"about":[{"href":"https:\/\/ayadi-batiment.net\/en\/wp-json\/wp\/v2\/types\/page"}],"author":[{"embeddable":true,"href":"https:\/\/ayadi-batiment.net\/en\/wp-json\/wp\/v2\/users\/1"}],"replies":[{"embeddable":true,"href":"https:\/\/ayadi-batiment.net\/en\/wp-json\/wp\/v2\/comments?post=85"}],"version-history":[{"count":61,"href":"https:\/\/ayadi-batiment.net\/en\/wp-json\/wp\/v2\/pages\/85\/revisions"}],"predecessor-version":[{"id":440,"href":"https:\/\/ayadi-batiment.net\/en\/wp-json\/wp\/v2\/pages\/85\/revisions\/440"}],"wp:attachment":[{"href":"https:\/\/ayadi-batiment.net\/en\/wp-json\/wp\/v2\/media?parent=85"}],"curies":[{"name":"wp","href":"https:\/\/api.w.org\/{rel}","templated":true}]}}