{"id":404,"date":"2024-05-30T09:01:29","date_gmt":"2024-05-30T09:01:29","guid":{"rendered":"https:\/\/ayadi-batiment.net\/?page_id=404"},"modified":"2024-05-30T09:37:54","modified_gmt":"2024-05-30T09:37:54","slug":"actualites","status":"publish","type":"page","link":"https:\/\/ayadi-batiment.net\/en\/actualites\/","title":{"rendered":"Actualit\u00e9s"},"content":{"rendered":"<div data-elementor-type=\"wp-page\" data-elementor-id=\"404\" class=\"elementor elementor-404\">\n\t\t\t\t<div class=\"elementor-element elementor-element-f7ddbb4 e-flex e-con-boxed e-con e-parent\" data-id=\"f7ddbb4\" data-element_type=\"container\" data-e-type=\"container\">\n\t\t\t\t\t<div class=\"e-con-inner\">\n\t\t\t\t<div class=\"elementor-element elementor-element-7abf696 elementor-widget elementor-widget-ucaddon_post_blocks\" data-id=\"7abf696\" data-element_type=\"widget\" data-e-type=\"widget\" data-widget_type=\"ucaddon_post_blocks.default\">\n\t\t\t\t<div class=\"elementor-widget-container\">\n\t\t\t\t\t\n<!-- start Post Blocks -->\n\t\t<link id='font-awesome-css' href='https:\/\/ayadi-batiment.net\/wp-content\/plugins\/unlimited-elements-for-elementor\/assets_libraries\/font-awesome6\/fontawesome-all.min.css' type='text\/css' rel='stylesheet' >\n\t\t<link id='font-awesome-4-shim-css' href='https:\/\/ayadi-batiment.net\/wp-content\/plugins\/unlimited-elements-for-elementor\/assets_libraries\/font-awesome6\/fontawesome-v4-shims.min.css' type='text\/css' rel='stylesheet' >\n\n<style>\/* widget: Post Blocks *\/\n\n\n\n#uc_post_blocks_elementor_7abf696 {\n    display:grid;\n}\n#uc_post_blocks_elementor_7abf696 .ue_post_blocks_box\n{\n  overflow:hidden;\n}\n\n#uc_post_blocks_elementor_7abf696 .ue_post_blocks_image\n{\n  overflow:hidden;\n}\n#uc_post_blocks_elementor_7abf696 .ue_post_blocks_image img\n{\n  width:100%;\n  display:block;\n}\n#uc_post_blocks_elementor_7abf696 .ue_post_blocks_link a\n{\n  display:inline-block;\n  text-decoration:none;\n  text-align:center;\n}\n\n\n#uc_post_blocks_elementor_7abf696 .ue-grid-item-meta-data\n{\n  display:inlin-flex;\n  flex-wrap: wrap;\n}\n\n.ue-grid-item-meta-data\n{\n  font-size:12px;\n}\n\n#uc_post_blocks_elementor_7abf696 .ue-grid-item-meta-data-icon\n{\n  line-height:1em;\n}\n\n#uc_post_blocks_elementor_7abf696 .ue-grid-item-meta-data-icon svg\n{\n  width:1em;\n  height:1em;\n}\n\n#uc_post_blocks_elementor_7abf696 .ue_post_blocks_box{\n  display: flex;\n  flex-direction: column;\n}\n#uc_post_blocks_elementor_7abf696 .ue_post_blocks_content{\n display: flex; flex-grow: 1;\n flex-direction: column;\n}\n#uc_post_blocks_elementor_7abf696 .ue_post_blocks_link{ margin-top: auto;\n}\n\n.ue-grid-item-category a\n{\n  display:inline-block;\n  font-size:10px;\n  text-transform:uppercase;\n}\n\n\n\n\n<\/style>\n\n<div id=\"uc_post_blocks_elementor_7abf696\" class=\"ue_post_blocks uc-items-wrapper\" >\n    <div class=\"ue_post_blocks_box\">\n    <div class=\"ue_post_blocks_image\">\n    <a href=\"https:\/\/ayadi-batiment.net\/en\/les-10-erreurs-courantes-a-eviter\/\" style=\"display:block;\"><img decoding=\"async\" src=\"https:\/\/ayadi-batiment.net\/wp-content\/uploads\/2024\/05\/1717059457312-768x768.jpg\"  alt=\"1717059457312\" width=\"768\" height=\"768\"><\/a>\n  <\/div>\n    <div class=\"ue_post_blocks_content\">\n      \n     \n         \n    <div class=\"ue_post_blocks_title\"><a href=\"https:\/\/ayadi-batiment.net\/en\/les-10-erreurs-courantes-a-eviter\/\">Les 10 Erreurs Courantes \u00e0 \u00c9viter Lors de la Construction de Votre Maison<\/a><\/div>    \n        \n    \n    <div class=\"ue_post_blocks_text\">Construire une maison est un projet passionnant mais complexe, n\u00e9cessitant une planification minutieuse...<\/div>        \t<div class=\"ue_post_blocks_link\">\n          <a class=\"\" href='https:\/\/ayadi-batiment.net\/en\/les-10-erreurs-courantes-a-eviter\/'>En savoir plus<\/a>\n    \t<\/div>\n      <\/div>\n<\/div>\n\n<\/div>\n<!-- end Post Blocks -->\t\t\t\t<\/div>\n\t\t\t\t<\/div>\n\t\t\t\t\t<\/div>\n\t\t\t\t<\/div>\n\t\t\t\t<\/div>","protected":false},"excerpt":{"rendered":"<p>Les 10 Erreurs Courantes \u00e0 \u00c9viter Lors de la Construction de Votre Maison Construire une maison est un projet passionnant [&hellip;]<\/p>","protected":false},"author":2,"featured_media":0,"parent":0,"menu_order":0,"comment_status":"closed","ping_status":"closed","template":"","meta":{"_monsterinsights_skip_tracking":false,"_monsterinsights_sitenote_active":false,"_monsterinsights_sitenote_note":"","_monsterinsights_sitenote_category":0,"site-sidebar-layout":"no-sidebar","site-content-layout":"","ast-site-content-layout":"full-width-container","site-content-style":"default","site-sidebar-style":"default","ast-global-header-display":"","ast-banner-title-visibility":"","ast-main-header-display":"","ast-hfb-above-header-display":"","ast-hfb-below-header-display":"","ast-hfb-mobile-header-display":"","site-post-title":"disabled","ast-breadcrumbs-content":"","ast-featured-img":"disabled","footer-sml-layout":"","theme-transparent-header-meta":"","adv-header-id-meta":"","stick-header-meta":"","header-above-stick-meta":"","header-main-stick-meta":"","header-below-stick-meta":"","astra-migrate-meta-layouts":"default","ast-page-background-enabled":"default","ast-page-background-meta":{"desktop":{"background-color":"var(--ast-global-color-4)","background-image":"","background-repeat":"repeat","background-position":"center center","background-size":"auto","background-attachment":"scroll","background-type":"","background-media":"","overlay-type":"","overlay-color":"","overlay-gradient":""},"tablet":{"background-color":"","background-image":"","background-repeat":"repeat","background-position":"center center","background-size":"auto","background-attachment":"scroll","background-type":"","background-media":"","overlay-type":"","overlay-color":"","overlay-gradient":""},"mobile":{"background-color":"","background-image":"","background-repeat":"repeat","background-position":"center center","background-size":"auto","background-attachment":"scroll","background-type":"","background-media":"","overlay-type":"","overlay-color":"","overlay-gradient":""}},"ast-content-background-meta":{"desktop":{"background-color":"var(--ast-global-color-5)","background-image":"","background-repeat":"repeat","background-position":"center center","background-size":"auto","background-attachment":"scroll","background-type":"","background-media":"","overlay-type":"","overlay-color":"","overlay-gradient":""},"tablet":{"background-color":"var(--ast-global-color-5)","background-image":"","background-repeat":"repeat","background-position":"center center","background-size":"auto","background-attachment":"scroll","background-type":"","background-media":"","overlay-type":"","overlay-color":"","overlay-gradient":""},"mobile":{"background-color":"var(--ast-global-color-5)","background-image":"","background-repeat":"repeat","background-position":"center center","background-size":"auto","background-attachment":"scroll","background-type":"","background-media":"","overlay-type":"","overlay-color":"","overlay-gradient":""}},"footnotes":""},"class_list":["post-404","page","type-page","status-publish","hentry"],"yoast_head":"<!-- This site is optimized with the Yoast SEO plugin v22.5 - https:\/\/yoast.com\/wordpress\/plugins\/seo\/ -->\n<title>Actualit\u00e9s - Ayadi Engineering<\/title>\n<meta name=\"robots\" content=\"index, follow, max-snippet:-1, max-image-preview:large, max-video-preview:-1\" \/>\n<link rel=\"canonical\" href=\"https:\/\/ayadi-batiment.net\/en\/actualites\/\" \/>\n<meta property=\"og:locale\" content=\"en_GB\" \/>\n<meta property=\"og:type\" content=\"article\" \/>\n<meta property=\"og:title\" content=\"Actualit\u00e9s - Ayadi Engineering\" \/>\n<meta property=\"og:description\" content=\"Les 10 Erreurs Courantes \u00e0 \u00c9viter Lors de la Construction de Votre Maison Construire une maison est un projet passionnant [&hellip;]\" \/>\n<meta property=\"og:url\" content=\"https:\/\/ayadi-batiment.net\/en\/actualites\/\" \/>\n<meta property=\"og:site_name\" content=\"Ayadi Engineering\" \/>\n<meta property=\"article:modified_time\" content=\"2024-05-30T09:37:54+00:00\" \/>\n<meta property=\"og:image\" content=\"https:\/\/ayadi-batiment.net\/wp-content\/uploads\/2024\/05\/1717059457312-768x768.jpg\" \/>\n<meta name=\"twitter:card\" content=\"summary_large_image\" \/>\n<meta name=\"twitter:label1\" content=\"Estimated reading time\" \/>\n\t<meta name=\"twitter:data1\" content=\"1 minute\" \/>\n<script type=\"application\/ld+json\" class=\"yoast-schema-graph\">{\"@context\":\"https:\/\/schema.org\",\"@graph\":[{\"@type\":\"WebPage\",\"@id\":\"https:\/\/ayadi-batiment.net\/actualites\/\",\"url\":\"https:\/\/ayadi-batiment.net\/actualites\/\",\"name\":\"Actualit\u00e9s - Ayadi Engineering\",\"isPartOf\":{\"@id\":\"https:\/\/ayadi-batiment.net\/#website\"},\"primaryImageOfPage\":{\"@id\":\"https:\/\/ayadi-batiment.net\/actualites\/#primaryimage\"},\"image\":{\"@id\":\"https:\/\/ayadi-batiment.net\/actualites\/#primaryimage\"},\"thumbnailUrl\":\"https:\/\/ayadi-batiment.net\/wp-content\/uploads\/2024\/05\/1717059457312-768x768.jpg\",\"datePublished\":\"2024-05-30T09:01:29+00:00\",\"dateModified\":\"2024-05-30T09:37:54+00:00\",\"breadcrumb\":{\"@id\":\"https:\/\/ayadi-batiment.net\/actualites\/#breadcrumb\"},\"inLanguage\":\"en-GB\",\"potentialAction\":[{\"@type\":\"ReadAction\",\"target\":[\"https:\/\/ayadi-batiment.net\/actualites\/\"]}]},{\"@type\":\"ImageObject\",\"inLanguage\":\"en-GB\",\"@id\":\"https:\/\/ayadi-batiment.net\/actualites\/#primaryimage\",\"url\":\"https:\/\/ayadi-batiment.net\/wp-content\/uploads\/2024\/05\/1717059457312-768x768.jpg\",\"contentUrl\":\"https:\/\/ayadi-batiment.net\/wp-content\/uploads\/2024\/05\/1717059457312-768x768.jpg\"},{\"@type\":\"BreadcrumbList\",\"@id\":\"https:\/\/ayadi-batiment.net\/actualites\/#breadcrumb\",\"itemListElement\":[{\"@type\":\"ListItem\",\"position\":1,\"name\":\"Accueil\",\"item\":\"https:\/\/ayadi-batiment.net\/\"},{\"@type\":\"ListItem\",\"position\":2,\"name\":\"Actualit\u00e9s\"}]},{\"@type\":\"WebSite\",\"@id\":\"https:\/\/ayadi-batiment.net\/#website\",\"url\":\"https:\/\/ayadi-batiment.net\/\",\"name\":\"Ayadi Engineering\",\"description\":\"\",\"potentialAction\":[{\"@type\":\"SearchAction\",\"target\":{\"@type\":\"EntryPoint\",\"urlTemplate\":\"https:\/\/ayadi-batiment.net\/?s={search_term_string}\"},\"query-input\":\"required name=search_term_string\"}],\"inLanguage\":\"en-GB\"}]}<\/script>\n<!-- \/ Yoast SEO plugin. -->","yoast_head_json":{"title":"Actualit\u00e9s - Ayadi Engineering","robots":{"index":"index","follow":"follow","max-snippet":"max-snippet:-1","max-image-preview":"max-image-preview:large","max-video-preview":"max-video-preview:-1"},"canonical":"https:\/\/ayadi-batiment.net\/en\/actualites\/","og_locale":"en_GB","og_type":"article","og_title":"Actualit\u00e9s - Ayadi Engineering","og_description":"Les 10 Erreurs Courantes \u00e0 \u00c9viter Lors de la Construction de Votre Maison Construire une maison est un projet passionnant [&hellip;]","og_url":"https:\/\/ayadi-batiment.net\/en\/actualites\/","og_site_name":"Ayadi Engineering","article_modified_time":"2024-05-30T09:37:54+00:00","og_image":[{"url":"https:\/\/ayadi-batiment.net\/wp-content\/uploads\/2024\/05\/1717059457312-768x768.jpg"}],"twitter_card":"summary_large_image","twitter_misc":{"Estimated reading time":"1 minute"},"schema":{"@context":"https:\/\/schema.org","@graph":[{"@type":"WebPage","@id":"https:\/\/ayadi-batiment.net\/actualites\/","url":"https:\/\/ayadi-batiment.net\/actualites\/","name":"Actualit\u00e9s - Ayadi Engineering","isPartOf":{"@id":"https:\/\/ayadi-batiment.net\/#website"},"primaryImageOfPage":{"@id":"https:\/\/ayadi-batiment.net\/actualites\/#primaryimage"},"image":{"@id":"https:\/\/ayadi-batiment.net\/actualites\/#primaryimage"},"thumbnailUrl":"https:\/\/ayadi-batiment.net\/wp-content\/uploads\/2024\/05\/1717059457312-768x768.jpg","datePublished":"2024-05-30T09:01:29+00:00","dateModified":"2024-05-30T09:37:54+00:00","breadcrumb":{"@id":"https:\/\/ayadi-batiment.net\/actualites\/#breadcrumb"},"inLanguage":"en-GB","potentialAction":[{"@type":"ReadAction","target":["https:\/\/ayadi-batiment.net\/actualites\/"]}]},{"@type":"ImageObject","inLanguage":"en-GB","@id":"https:\/\/ayadi-batiment.net\/actualites\/#primaryimage","url":"https:\/\/ayadi-batiment.net\/wp-content\/uploads\/2024\/05\/1717059457312-768x768.jpg","contentUrl":"https:\/\/ayadi-batiment.net\/wp-content\/uploads\/2024\/05\/1717059457312-768x768.jpg"},{"@type":"BreadcrumbList","@id":"https:\/\/ayadi-batiment.net\/actualites\/#breadcrumb","itemListElement":[{"@type":"ListItem","position":1,"name":"Accueil","item":"https:\/\/ayadi-batiment.net\/"},{"@type":"ListItem","position":2,"name":"Actualit\u00e9s"}]},{"@type":"WebSite","@id":"https:\/\/ayadi-batiment.net\/#website","url":"https:\/\/ayadi-batiment.net\/","name":"Ayadi Engineering","description":"","potentialAction":[{"@type":"SearchAction","target":{"@type":"EntryPoint","urlTemplate":"https:\/\/ayadi-batiment.net\/?s={search_term_string}"},"query-input":"required name=search_term_string"}],"inLanguage":"en-GB"}]}},"_links":{"self":[{"href":"https:\/\/ayadi-batiment.net\/en\/wp-json\/wp\/v2\/pages\/404","targetHints":{"allow":["GET"]}}],"collection":[{"href":"https:\/\/ayadi-batiment.net\/en\/wp-json\/wp\/v2\/pages"}],"about":[{"href":"https:\/\/ayadi-batiment.net\/en\/wp-json\/wp\/v2\/types\/page"}],"author":[{"embeddable":true,"href":"https:\/\/ayadi-batiment.net\/en\/wp-json\/wp\/v2\/users\/2"}],"replies":[{"embeddable":true,"href":"https:\/\/ayadi-batiment.net\/en\/wp-json\/wp\/v2\/comments?post=404"}],"version-history":[{"count":7,"href":"https:\/\/ayadi-batiment.net\/en\/wp-json\/wp\/v2\/pages\/404\/revisions"}],"predecessor-version":[{"id":413,"href":"https:\/\/ayadi-batiment.net\/en\/wp-json\/wp\/v2\/pages\/404\/revisions\/413"}],"wp:attachment":[{"href":"https:\/\/ayadi-batiment.net\/en\/wp-json\/wp\/v2\/media?parent=404"}],"curies":[{"name":"wp","href":"https:\/\/api.w.org\/{rel}","templated":true}]}}