{"id":18,"date":"2024-04-18T20:22:48","date_gmt":"2024-04-18T20:22:48","guid":{"rendered":"https:\/\/reverent-heisenberg.54-38-188-173.plesk.page\/?page_id=18"},"modified":"2024-05-28T07:31:44","modified_gmt":"2024-05-28T07:31:44","slug":"a-propos","status":"publish","type":"page","link":"https:\/\/ayadi-batiment.net\/en\/a-propos\/","title":{"rendered":"About"},"content":{"rendered":"<div data-elementor-type=\"wp-page\" data-elementor-id=\"18\" class=\"elementor elementor-18\">\n\t\t\t\t<div class=\"elementor-element elementor-element-040ecbb e-flex e-con-boxed elementor-invisible e-con e-parent\" data-id=\"040ecbb\" data-element_type=\"container\" data-e-type=\"container\" data-settings=\"{&quot;animation&quot;:&quot;slideInUp&quot;}\">\n\t\t\t\t\t<div class=\"e-con-inner\">\n\t\t\t\t<div class=\"elementor-element elementor-element-e2516cb elementor-widget elementor-widget-heading\" data-id=\"e2516cb\" data-element_type=\"widget\" data-e-type=\"widget\" data-widget_type=\"heading.default\">\n\t\t\t\t<div class=\"elementor-widget-container\">\n\t\t\t\t\t<h2 class=\"elementor-heading-title elementor-size-default\">About<\/h2>\t\t\t\t<\/div>\n\t\t\t\t<\/div>\n\t\t\t\t\t<\/div>\n\t\t\t\t<\/div>\n\t\t<div class=\"elementor-element elementor-element-a191543 e-flex e-con-boxed elementor-invisible e-con e-parent\" data-id=\"a191543\" data-element_type=\"container\" data-e-type=\"container\" data-settings=\"{&quot;animation&quot;:&quot;slideInUp&quot;}\">\n\t\t\t\t\t<div class=\"e-con-inner\">\n\t\t\t\t<div class=\"elementor-element elementor-element-92cc35f elementor-widget elementor-widget-text-editor\" data-id=\"92cc35f\" data-element_type=\"widget\" data-e-type=\"widget\" data-widget_type=\"text-editor.default\">\n\t\t\t\t<div class=\"elementor-widget-container\">\n\t\t\t\t\t\t\t\t\t<div class=\"flex flex-grow flex-col max-w-full\"><div class=\"min-h-[20px] text-message flex flex-col items-start gap-3 whitespace-pre-wrap break-words [.text-message+&amp;]:mt-5 overflow-x-auto\" dir=\"auto\" data-message-author-role=\"assistant\" data-message-id=\"9c44b1e6-6e1e-4e21-a433-bf19c80f51b2\"><div class=\"markdown prose w-full break-words dark:prose-invert light\"><p>Since 2009, Consultant Expert en Construction is an independent consulting firm officially founded in 2016 by Ayadi Sofian, oriented towards research and innovation.<\/p><p>Our work tends to question the traditional approach to consulting and to free us from the practices prevalent in our direct environment. By offering new answers to questions of context, form, function and technical issues, and by broadening our sources of inspiration, ranging from philosophy to natural sciences, our consultation adopts a unique approach renewed to each project, in the ultimate goal of arousing an emotion, a \u201cpragmatic emotion.\u201d<\/p><p>We work on different types of projects: housing, equipment, infrastructure, and at different scales, from start to finish. We define and manage the schedule while ensuring project monitoring, both for public and private orders.<\/p><\/div><\/div><\/div>\t\t\t\t\t\t\t\t<\/div>\n\t\t\t\t<\/div>\n\t\t\t\t<div class=\"elementor-element elementor-element-5e3353c elementor-widget elementor-widget-image\" data-id=\"5e3353c\" data-element_type=\"widget\" data-e-type=\"widget\" data-widget_type=\"image.default\">\n\t\t\t\t<div class=\"elementor-widget-container\">\n\t\t\t\t\t\t\t\t\t\t\t\t\t\t\t<img fetchpriority=\"high\" decoding=\"async\" width=\"839\" height=\"508\" src=\"https:\/\/ayadi-batiment.net\/wp-content\/uploads\/2024\/04\/signature.png\" class=\"attachment-large size-large wp-image-178\" alt=\"\" srcset=\"https:\/\/ayadi-batiment.net\/wp-content\/uploads\/2024\/04\/signature.png 839w, https:\/\/ayadi-batiment.net\/wp-content\/uploads\/2024\/04\/signature-300x182.png 300w, https:\/\/ayadi-batiment.net\/wp-content\/uploads\/2024\/04\/signature-768x465.png 768w\" sizes=\"(max-width: 839px) 100vw, 839px\" \/>\t\t\t\t\t\t\t\t\t\t\t\t\t\t\t<\/div>\n\t\t\t\t<\/div>\n\t\t\t\t\t<\/div>\n\t\t\t\t<\/div>\n\t\t\t\t<\/div>","protected":false},"excerpt":{"rendered":"<p>\u00c0 propos Depuis 2009, Consultant Expert en Construction est un cabinet de consulting ind\u00e9pendant fond\u00e9 officiellement en 2016 par Ayadi [&hellip;]<\/p>","protected":false},"author":1,"featured_media":0,"parent":0,"menu_order":0,"comment_status":"closed","ping_status":"closed","template":"","meta":{"_monsterinsights_skip_tracking":false,"_monsterinsights_sitenote_active":false,"_monsterinsights_sitenote_note":"","_monsterinsights_sitenote_category":0,"site-sidebar-layout":"no-sidebar","site-content-layout":"","ast-site-content-layout":"full-width-container","site-content-style":"default","site-sidebar-style":"default","ast-global-header-display":"","ast-banner-title-visibility":"","ast-main-header-display":"","ast-hfb-above-header-display":"","ast-hfb-below-header-display":"","ast-hfb-mobile-header-display":"","site-post-title":"disabled","ast-breadcrumbs-content":"","ast-featured-img":"disabled","footer-sml-layout":"","theme-transparent-header-meta":"","adv-header-id-meta":"","stick-header-meta":"","header-above-stick-meta":"","header-main-stick-meta":"","header-below-stick-meta":"","astra-migrate-meta-layouts":"default","ast-page-background-enabled":"default","ast-page-background-meta":{"desktop":{"background-color":"var(--ast-global-color-4)","background-image":"","background-repeat":"repeat","background-position":"center center","background-size":"auto","background-attachment":"scroll","background-type":"","background-media":"","overlay-type":"","overlay-color":"","overlay-gradient":""},"tablet":{"background-color":"","background-image":"","background-repeat":"repeat","background-position":"center center","background-size":"auto","background-attachment":"scroll","background-type":"","background-media":"","overlay-type":"","overlay-color":"","overlay-gradient":""},"mobile":{"background-color":"","background-image":"","background-repeat":"repeat","background-position":"center center","background-size":"auto","background-attachment":"scroll","background-type":"","background-media":"","overlay-type":"","overlay-color":"","overlay-gradient":""}},"ast-content-background-meta":{"desktop":{"background-color":"var(--ast-global-color-5)","background-image":"","background-repeat":"repeat","background-position":"center center","background-size":"auto","background-attachment":"scroll","background-type":"","background-media":"","overlay-type":"","overlay-color":"","overlay-gradient":""},"tablet":{"background-color":"var(--ast-global-color-5)","background-image":"","background-repeat":"repeat","background-position":"center center","background-size":"auto","background-attachment":"scroll","background-type":"","background-media":"","overlay-type":"","overlay-color":"","overlay-gradient":""},"mobile":{"background-color":"var(--ast-global-color-5)","background-image":"","background-repeat":"repeat","background-position":"center center","background-size":"auto","background-attachment":"scroll","background-type":"","background-media":"","overlay-type":"","overlay-color":"","overlay-gradient":""}},"footnotes":""},"class_list":["post-18","page","type-page","status-publish","hentry"],"yoast_head":"<!-- This site is optimized with the Yoast SEO plugin v22.5 - https:\/\/yoast.com\/wordpress\/plugins\/seo\/ -->\n<title>\u00c0 propos - Ayadi Engineering Consultant Expert en Construction<\/title>\n<meta name=\"description\" content=\"Consultant Expert en Construction est un cabinet de consulting ind\u00e9pendant fond\u00e9 officiellement en 2016 par Ayadi Sofian, orient\u00e9 vers la recherche et l\u2019innovation.\" \/>\n<meta name=\"robots\" content=\"index, follow, max-snippet:-1, max-image-preview:large, max-video-preview:-1\" \/>\n<link rel=\"canonical\" href=\"https:\/\/ayadi-batiment.net\/en\/a-propos\/\" \/>\n<meta property=\"og:locale\" content=\"en_GB\" \/>\n<meta property=\"og:type\" content=\"article\" \/>\n<meta property=\"og:title\" content=\"\u00c0 propos - Ayadi Engineering Consultant Expert en Construction\" \/>\n<meta property=\"og:description\" content=\"Consultant Expert en Construction est un cabinet de consulting ind\u00e9pendant fond\u00e9 officiellement en 2016 par Ayadi Sofian, orient\u00e9 vers la recherche et l\u2019innovation.\" \/>\n<meta property=\"og:url\" content=\"https:\/\/ayadi-batiment.net\/en\/a-propos\/\" \/>\n<meta property=\"og:site_name\" content=\"Ayadi Engineering\" \/>\n<meta property=\"article:modified_time\" content=\"2024-05-28T07:31:44+00:00\" \/>\n<meta property=\"og:image\" content=\"https:\/\/reverent-heisenberg.54-38-188-173.plesk.page\/wp-content\/uploads\/2024\/04\/signature.png\" \/>\n<meta name=\"twitter:card\" content=\"summary_large_image\" \/>\n<meta name=\"twitter:label1\" content=\"Estimated reading time\" \/>\n\t<meta name=\"twitter:data1\" content=\"1 minute\" \/>\n<script type=\"application\/ld+json\" class=\"yoast-schema-graph\">{\"@context\":\"https:\/\/schema.org\",\"@graph\":[{\"@type\":\"WebPage\",\"@id\":\"https:\/\/ayadi-batiment.net\/a-propos\/\",\"url\":\"https:\/\/ayadi-batiment.net\/a-propos\/\",\"name\":\"\u00c0 propos - Ayadi Engineering Consultant Expert en Construction\",\"isPartOf\":{\"@id\":\"https:\/\/ayadi-batiment.net\/#website\"},\"primaryImageOfPage\":{\"@id\":\"https:\/\/ayadi-batiment.net\/a-propos\/#primaryimage\"},\"image\":{\"@id\":\"https:\/\/ayadi-batiment.net\/a-propos\/#primaryimage\"},\"thumbnailUrl\":\"https:\/\/reverent-heisenberg.54-38-188-173.plesk.page\/wp-content\/uploads\/2024\/04\/signature.png\",\"datePublished\":\"2024-04-18T20:22:48+00:00\",\"dateModified\":\"2024-05-28T07:31:44+00:00\",\"description\":\"Consultant Expert en Construction est un cabinet de consulting ind\u00e9pendant fond\u00e9 officiellement en 2016 par Ayadi Sofian, orient\u00e9 vers la recherche et l\u2019innovation.\",\"breadcrumb\":{\"@id\":\"https:\/\/ayadi-batiment.net\/a-propos\/#breadcrumb\"},\"inLanguage\":\"en-GB\",\"potentialAction\":[{\"@type\":\"ReadAction\",\"target\":[\"https:\/\/ayadi-batiment.net\/a-propos\/\"]}]},{\"@type\":\"ImageObject\",\"inLanguage\":\"en-GB\",\"@id\":\"https:\/\/ayadi-batiment.net\/a-propos\/#primaryimage\",\"url\":\"https:\/\/reverent-heisenberg.54-38-188-173.plesk.page\/wp-content\/uploads\/2024\/04\/signature.png\",\"contentUrl\":\"https:\/\/reverent-heisenberg.54-38-188-173.plesk.page\/wp-content\/uploads\/2024\/04\/signature.png\"},{\"@type\":\"BreadcrumbList\",\"@id\":\"https:\/\/ayadi-batiment.net\/a-propos\/#breadcrumb\",\"itemListElement\":[{\"@type\":\"ListItem\",\"position\":1,\"name\":\"Accueil\",\"item\":\"https:\/\/ayadi-batiment.net\/\"},{\"@type\":\"ListItem\",\"position\":2,\"name\":\"\u00c0 propos\"}]},{\"@type\":\"WebSite\",\"@id\":\"https:\/\/ayadi-batiment.net\/#website\",\"url\":\"https:\/\/ayadi-batiment.net\/\",\"name\":\"Ayadi Engineering\",\"description\":\"\",\"potentialAction\":[{\"@type\":\"SearchAction\",\"target\":{\"@type\":\"EntryPoint\",\"urlTemplate\":\"https:\/\/ayadi-batiment.net\/?s={search_term_string}\"},\"query-input\":\"required name=search_term_string\"}],\"inLanguage\":\"en-GB\"}]}<\/script>\n<!-- \/ Yoast SEO plugin. -->","yoast_head_json":{"title":"\u00c0 propos - Ayadi Engineering Consultant Expert en Construction","description":"Consultant Expert en Construction est un cabinet de consulting ind\u00e9pendant fond\u00e9 officiellement en 2016 par Ayadi Sofian, orient\u00e9 vers la recherche et l\u2019innovation.","robots":{"index":"index","follow":"follow","max-snippet":"max-snippet:-1","max-image-preview":"max-image-preview:large","max-video-preview":"max-video-preview:-1"},"canonical":"https:\/\/ayadi-batiment.net\/en\/a-propos\/","og_locale":"en_GB","og_type":"article","og_title":"\u00c0 propos - Ayadi Engineering Consultant Expert en Construction","og_description":"Consultant Expert en Construction est un cabinet de consulting ind\u00e9pendant fond\u00e9 officiellement en 2016 par Ayadi Sofian, orient\u00e9 vers la recherche et l\u2019innovation.","og_url":"https:\/\/ayadi-batiment.net\/en\/a-propos\/","og_site_name":"Ayadi Engineering","article_modified_time":"2024-05-28T07:31:44+00:00","og_image":[{"url":"https:\/\/reverent-heisenberg.54-38-188-173.plesk.page\/wp-content\/uploads\/2024\/04\/signature.png"}],"twitter_card":"summary_large_image","twitter_misc":{"Estimated reading time":"1 minute"},"schema":{"@context":"https:\/\/schema.org","@graph":[{"@type":"WebPage","@id":"https:\/\/ayadi-batiment.net\/a-propos\/","url":"https:\/\/ayadi-batiment.net\/a-propos\/","name":"\u00c0 propos - Ayadi Engineering Consultant Expert en Construction","isPartOf":{"@id":"https:\/\/ayadi-batiment.net\/#website"},"primaryImageOfPage":{"@id":"https:\/\/ayadi-batiment.net\/a-propos\/#primaryimage"},"image":{"@id":"https:\/\/ayadi-batiment.net\/a-propos\/#primaryimage"},"thumbnailUrl":"https:\/\/reverent-heisenberg.54-38-188-173.plesk.page\/wp-content\/uploads\/2024\/04\/signature.png","datePublished":"2024-04-18T20:22:48+00:00","dateModified":"2024-05-28T07:31:44+00:00","description":"Consultant Expert en Construction est un cabinet de consulting ind\u00e9pendant fond\u00e9 officiellement en 2016 par Ayadi Sofian, orient\u00e9 vers la recherche et l\u2019innovation.","breadcrumb":{"@id":"https:\/\/ayadi-batiment.net\/a-propos\/#breadcrumb"},"inLanguage":"en-GB","potentialAction":[{"@type":"ReadAction","target":["https:\/\/ayadi-batiment.net\/a-propos\/"]}]},{"@type":"ImageObject","inLanguage":"en-GB","@id":"https:\/\/ayadi-batiment.net\/a-propos\/#primaryimage","url":"https:\/\/reverent-heisenberg.54-38-188-173.plesk.page\/wp-content\/uploads\/2024\/04\/signature.png","contentUrl":"https:\/\/reverent-heisenberg.54-38-188-173.plesk.page\/wp-content\/uploads\/2024\/04\/signature.png"},{"@type":"BreadcrumbList","@id":"https:\/\/ayadi-batiment.net\/a-propos\/#breadcrumb","itemListElement":[{"@type":"ListItem","position":1,"name":"Accueil","item":"https:\/\/ayadi-batiment.net\/"},{"@type":"ListItem","position":2,"name":"\u00c0 propos"}]},{"@type":"WebSite","@id":"https:\/\/ayadi-batiment.net\/#website","url":"https:\/\/ayadi-batiment.net\/","name":"Ayadi Engineering","description":"","potentialAction":[{"@type":"SearchAction","target":{"@type":"EntryPoint","urlTemplate":"https:\/\/ayadi-batiment.net\/?s={search_term_string}"},"query-input":"required name=search_term_string"}],"inLanguage":"en-GB"}]}},"_links":{"self":[{"href":"https:\/\/ayadi-batiment.net\/en\/wp-json\/wp\/v2\/pages\/18","targetHints":{"allow":["GET"]}}],"collection":[{"href":"https:\/\/ayadi-batiment.net\/en\/wp-json\/wp\/v2\/pages"}],"about":[{"href":"https:\/\/ayadi-batiment.net\/en\/wp-json\/wp\/v2\/types\/page"}],"author":[{"embeddable":true,"href":"https:\/\/ayadi-batiment.net\/en\/wp-json\/wp\/v2\/users\/1"}],"replies":[{"embeddable":true,"href":"https:\/\/ayadi-batiment.net\/en\/wp-json\/wp\/v2\/comments?post=18"}],"version-history":[{"count":16,"href":"https:\/\/ayadi-batiment.net\/en\/wp-json\/wp\/v2\/pages\/18\/revisions"}],"predecessor-version":[{"id":315,"href":"https:\/\/ayadi-batiment.net\/en\/wp-json\/wp\/v2\/pages\/18\/revisions\/315"}],"wp:attachment":[{"href":"https:\/\/ayadi-batiment.net\/en\/wp-json\/wp\/v2\/media?parent=18"}],"curies":[{"name":"wp","href":"https:\/\/api.w.org\/{rel}","templated":true}]}}